{"id":3,"date":"2023-06-05T09:34:12","date_gmt":"2023-06-05T07:34:12","guid":{"rendered":"https:\/\/paysages-winters.be\/wp\/?page_id=3"},"modified":"2024-12-03T11:31:30","modified_gmt":"2024-12-03T10:31:30","slug":"datenschutz","status":"publish","type":"page","link":"https:\/\/paysages-winters.be\/de\/datenschutz\/","title":{"rendered":"Datenschutz"},"content":{"rendered":"<h2>Grundlegendes<\/h2>\n<p>Verantwortlicher fu\u0308r die Erhebung, Verarbeitung und Nutzung Ihrer personenbezogenen Daten im Sinne von Art. 4 Nr. 7 DSGVO ist<\/p>\n<h3>WINTERS Landschaften GmbH<\/h3>\n<p>E-Mail: <a href=\"mailto:info@paysages-winters.be\">info@paysages-winters.be<\/a><\/p>\n<h2>Auf welcher rechtlichen Grundlage werden Ihre Daten verarbeitet?<\/h2>\n<p>Rechtsgrundlage f\u00fcr die Verarbeitung von personenbezogenen Daten ist grunds\u00e4tzlich \u2013 soweit es nicht noch spezifischere Rechtsvorschriften gibt \u2013 Art. 6 EU-Datenschutz-Grundverordnung (DSGVO).<br \/>\nEs kommen folgende M\u00f6glichkeiten in Betracht:<\/p>\n<ul>\n<li>Einwilligung (Art. 6 Abs. 1 lit. a) DSGVO)<\/li>\n<li>Datenverarbeitung zur Erf\u00fcllung von Vertr\u00e4gen (Art. 6 Abs. 1 lit. b) DSGVO<\/li>\n<li>Datenverarbeitung auf Basis einer Interessenabw\u00e4gung (Art. 6 Abs. 1 lit. f) DSGVO)<\/li>\n<li>Datenverarbeitung zur Erf\u00fcllung einer rechtlichen Verpflichtung (Art. 6 Abs. 1 lit. c) DSGVO)<\/li>\n<\/ul>\n<h2>Zu welchen Zwecken verarbeiten wir Ihre Daten?<\/h2>\n<h3>Kontaktaufnahme<\/h3>\n<p>Wenn Sie uns <strong>per E-Mail, Telefon oder Telefax kontaktieren,<\/strong> wird Ihre Anfrage inklusive aller daraus hervorgehenden personenbezogenen Daten (Name, Anfrage) zum Zwecke der Bearbeitung Ihres Anliegens bei uns gespeichert und verarbeitet. Diese Daten geben wir nicht ohne Ihre Einwilligung weiter.<\/p>\n<p>Die Verarbeitung dieser Daten erfolgt auf Grundlage von Art. 6 Abs. 1 lit. b DSGVO, sofern Ihre Anfrage mit der die Anbahnung, Begr\u00fcndung, inhaltliche Ausgestaltung oder \u00c4nderung eines Rechtsverh\u00e4ltnisses zwischen Ihnen und uns zusammenh\u00e4ngt oder zur Durchf\u00fchrung vorvertraglicher Ma\u00dfnahmen erforderlich ist.<\/p>\n<p>In allen \u00fcbrigen F\u00e4llen beruht die Verarbeitung auf unserem berechtigten Interesse an der effektiven Bearbeitung der an uns gerichteten Anfragen (Art. 6 Abs. 1 lit. f DSGVO) oder auf Ihrer Einwilligung (Art. 6 Abs. 1 lit. a DSGVO) sofern diese abgefragt wurde; die Einwilligung ist jederzeit mit Wirkung f\u00fcr die Zukunft widerrufbar.<\/p>\n<p>Die von Ihnen an uns per Kontaktanfragen \u00fcbersandten Daten verbleiben bei uns, bis Sie uns zur L\u00f6schung auffordern, Ihre Einwilligung zur Speicherung widerrufen<br \/>\noder der Zweck f\u00fcr die Datenspeicherung entf\u00e4llt (z. B. nach abgeschlossener Bearbeitung Ihres Anliegens). Zwingende gesetzliche Bestimmungen \u2013 insbesondere steuer- und handelsrechtliche Aufbewahrungsfristen \u2013 bleiben unber\u00fchrt.<\/p>\n<h3>Server-Log-Files<\/h3>\n<p>Bei jeder Anfrage, das hei\u00dft bei jedem Seitenaufruf, werden automatisch Informationen in sogenannten <strong>Server-Log-Files<\/strong> gespeichert. Dies sind im Einzelnen:<\/p>\n<ul>\n<li>Ihre anonymisierte IP-Adresse<\/li>\n<li>Datum und Uhrzeit der Anfrage<\/li>\n<li>Adresse der aufgerufenen Seite oder Datei<\/li>\n<li>\u00dcbertragene Datenmenge in Bytes<\/li>\n<li>Erfolg oder Fehlercode der Anfrage (\u201cstatus code\u201d)<\/li>\n<li>Identifizierung Ihres Webbrowsers (z.B. Browsertyp, Browserversion und verwendetes Betriebssystem; \u201cUser-Agent\u201d-Header)<\/li>\n<li>Zuvor besuchte Seite, die Sie z.B. per Link hierhin gef\u00fchrt hat<\/li>\n<\/ul>\n<h3>An welche Empf\u00e4nger werden die Daten weitergegeben?<\/h3>\n<p>Eine Weitergabe Ihrer personenbezogenen Daten an Dritte findet grunds\u00e4tzlich nur statt, wenn dies f\u00fcr die Durchf\u00fchrung des Vertrages mit Ihnen erforderlich ist, die Weitergabe auf Basis einer Interessenabw\u00e4gung i.S.d. Art. 6 Abs. 1 lit. f) DSGVO zul\u00e4ssig ist, wir rechtlich zu der Weitergabe verpflichtet sind oder Sie insoweit eine Einwilligung erteilt haben.<\/p>\n<h3>Welche Rechte haben Sie als Betroffene?<\/h3>\n<p>Alle betroffenen Personen haben folgende Rechte:<\/p>\n<ul>\n<li>Recht auf Auskunft (Art. 15 DS-GVO)<\/li>\n<li>Recht auf Berichtigung von unrichtigen Daten (Art. 16 DS-GVO)<\/li>\n<li>Recht auf L\u00f6schung bzw. ein Recht auf \u201eVergessenwerden\u201c (Art. 17 DS-GVO)<\/li>\n<li>Recht auf Einschr\u00e4nkung der Verarbeitung personenbezogener Daten (Art. 18 DS-GVO)<\/li>\n<li>Recht auf Daten\u00fcbertragbarkeit (Art. 20 DS-GVO).<\/li>\n<\/ul>\n<p><strong>Sie k\u00f6nnen einer Verarbeitung von personenbezogenen Daten f\u00fcr Zwecke der Werbung, einschlie\u00dflich einer Analyse von Kundendaten f\u00fcr Werbezwecke, jederzeit ohne Angabe von Gr\u00fcnden widersprechen.<br \/>\n<\/strong><br \/>\n<strong>Dar\u00fcber hinaus steht Ihnen ein allgemeines Widerspruchsrecht zu (vgl. Art. 21 Abs. 1 DS-GVO). In diesem Fall ist der Widerspruch gegen eine Datenverarbeitung zu begr\u00fcnden. Sofern die Datenverarbeitung auf Grundlage einer Einwilligung erfolgt, kann Ihre Einwilligung jederzeit mit Wirkung f\u00fcr die Zukunft widerrufen werden.<\/strong><\/p>\n<p>F\u00fcr die Aus\u00fcbung der Betroffenenrechte wenden Sie sich am einfachsten an die oben genannten Kontaktdaten bzw. die im Impressum angef\u00fchrte Anschrift. Dar\u00fcber hinaus haben Sie das Recht zur Beschwerde bei einer Datenschutzaufsichtsbeh\u00f6rde.<\/p>\n<h3>Wie lange werden Ihre Daten gespeichert?<\/h3>\n<p>Falls die Speicherfrist nicht bereits bei den einzelnen Verarbeitungen genannt wurde, verarbeiten wir Ihre Daten solange, wie dies f\u00fcr den jeweiligen Zweck erforderlich ist.<\/p>\n<p>Soweit gesetzliche Aufbewahrungspflichten bestehen \u2013 z. B. im Handelsrecht oder Steuerrecht \u2013 werden die betreffenden personenbezogenen Daten f\u00fcr die Dauer der Aufbewahrungspflicht gespeichert. Nach Ablauf der Aufbewahrungspflicht wird gepr\u00fcft, ob eine weitere Erforderlichkeit f\u00fcr die Verarbeitung vorliegt. Liegt eine Erforderlichkeit nicht mehr vor, werden die Daten gel\u00f6scht.<\/p>\n<h2>Wir unterhalten \u00f6ffentlich zug\u00e4ngliche Profile in sozialen Netzwerken<\/h2>\n<p>Soziale Netzwerke k\u00f6nnen Ihr Nutzerverhalten in der Regel umfassend analysieren, wenn Sie deren Website oder eine Website mit integrierten Social-Media-Inhalten (z. B. Like-Buttons oder Werbebannern) besuchen. Durch den Besuch unserer Social-Media-Pr\u00e4senzen werden zahlreiche datenschutzrelevante Verarbeitungsvorg\u00e4nge ausgel\u00f6st.<\/p>\n<p>Im Einzelnen: Wenn Sie in Ihrem Social-Media-Account eingeloggt sind und unsere Social-Media-Pr\u00e4senz besuchen, kann der Betreiber des Social-Media-Portals diesen Besuch Ihrem Benutzerkonto zuordnen. Ihre personenbezogenen Daten k\u00f6nnen unter Umst\u00e4nden aber auch dann erfasst werden, wenn Sie nicht eingeloggt sind oder keinen Account beim jeweiligen Social-Media-Portal besitzen. Diese Datenerfassung erfolgt in diesem Fall beispielsweise \u00fcber Cookies, die auf Ihrem Endger\u00e4t gespeichert werden oder durch Erfassung Ihrer IP-Adresse.<\/p>\n<p>Mit Hilfe der so erfassten Daten k\u00f6nnen die Betreiber der Social-Media-Portale Nutzerprofile erstellen, in denen Ihre Pr\u00e4ferenzen und Interessen hinterlegt sind. Auf diese Weise kann Ihnen interessenbezogene Werbung in- und au\u00dferhalb der jeweiligen Social-Media-Pr\u00e4senz angezeigt werden. Sofern Sie \u00fcber einen Account beim jeweiligen sozialen Netzwerk verf\u00fcgen, kann die interessenbezogene Werbung auf allen Ger\u00e4ten angezeigt werden, auf denen Sie eingeloggt sind oder eingeloggt waren.<\/p>\n<p>Bitte beachten Sie au\u00dferdem, dass wir nicht alle Verarbeitungsprozesse auf den Social-Media-Portalen nachvollziehen k\u00f6nnen. Je nach Anbieter k\u00f6nnen daher ggf. weitere Verarbeitungsvorg\u00e4nge von den Betreibern der Social-Media-Portale durchgef\u00fchrt werden. Details hierzu entnehmen Sie den Nutzungsbedingungen und Datenschutzbestimmungen der jeweiligen Social-Media-Portale.<\/p>\n<p>Unsere Social-Media-Auftritte sollen eine m\u00f6glichst umfassende Pr\u00e4senz im Internet gew\u00e4hrleisten. Hierbei handelt es sich um ein berechtigtes Interesse im Sinne von Art. 6 Abs. 1 lit. f DSGVO. Die von den sozialen Netzwerken initiierten Analyseprozesse beruhen ggf. auf abweichenden Rechtsgrundlagen, die von den Betreibern der sozialen Netzwerke anzugeben sind (z. B. Einwilligung im Sinne des Art. 6 Abs. 1 lit. a DSGVO).<\/p>\n<p>Wenn Sie einen unserer Social-Media-Auftritte besuchen, sind wir gemeinsam mit dem Betreiber der Social-Media-Plattform f\u00fcr die bei diesem Besuch ausgel\u00f6sten Datenverarbeitungsvorg\u00e4nge verantwortlich. Sie k\u00f6nnen Ihre Rechte (Auskunft, Berichtigung, L\u00f6schung, Einschr\u00e4nkung der Verarbeitung, Daten\u00fcbertragbarkeit und Beschwerde) grunds\u00e4tzlich sowohl gg\u00fc. uns als auch gg\u00fc. dem Betreiber des jeweiligen Social-Media-Portals (z. B. gg\u00fc. Facebook) geltend machen.<\/p>\n<p>Bitte beachten Sie, dass wir trotz der gemeinsamen Verantwortlichkeit mit den Social-Media-Portal-Betreibern nicht vollumf\u00e4nglich Einfluss auf die Datenverarbeitungsvorg\u00e4nge der Social-Media-Portale haben. Unsere M\u00f6glichkeiten richten sich ma\u00dfgeblich nach der Unternehmenspolitik des jeweiligen Anbieters.<\/p>\n<p>Die unmittelbar von uns \u00fcber die Social-Media-Pr\u00e4senz erfassten Daten werden von unseren Systemen gel\u00f6scht, sobald Sie uns zur L\u00f6schung auffordern, Ihre Einwilligung zur Speicherung widerrufen oder der Zweck f\u00fcr die Datenspeicherung entf\u00e4llt. Gespeicherte Cookies verbleiben auf Ihrem Endger\u00e4t, bis Sie sie l\u00f6schen. Zwingende gesetzliche Bestimmungen \u2013 insb. Aufbewahrungsfristen \u2013 bleiben unber\u00fchrt.<\/p>\n<p>Auf die Speicherdauer Ihrer Daten, die von den Betreibern der sozialen Netzwerke zu eigenen Zwecken gespeichert werden, haben wir keinen Einfluss. F\u00fcr Einzelheiten dazu informieren Sie sich bitte direkt bei den Betreibern der sozialen Netzwerke (z. B. in deren Datenschutzerkl\u00e4rung, siehe unten).<\/p>\n<p>Ebenfalls verf\u00fcgen wir \u00fcber ein Profil bei <strong>Facebook<\/strong>. Anbieter dieses Dienstes ist die Meta Platforms Ireland Limited, 4 Grand Canal Square, Grand Canal Harbour, Dublin 2, Irland (nachfolgend Meta). Die erfassten Daten werden nach Aussage von Meta auch in die USA und in andere Drittl\u00e4nder \u00fcbertragen.<\/p>\n<p>Sie k\u00f6nnen Ihre Werbeeinstellungen selbstst\u00e4ndig in Ihrem Nutzer-Account anpassen. Klicken Sie hierzu auf folgenden Link und loggen Sie sich ein: <a href=\"https:\/\/www.facebook.com\/settings?tab=ads\" target=\"_blank\" rel=\"noopener\">https:\/\/www.facebook.com\/settings?tab=ads<\/a>.<\/p>\n<p>Die Daten\u00fcbertragung in die USA wird auf die Standardvertragsklauseln der EU-Kommission gest\u00fctzt. Details finden Sie hier: <a href=\"https:\/\/www.facebook.com\/legal\/EU_data_transfer_addendum\" target=\"_blank\" rel=\"noopener\">https:\/\/www.facebook.com\/legal\/EU_data_transfer_addendum<\/a> und <a href=\"https:\/\/de-de.facebook.com\/help\/566994660333381\" target=\"_blank\" rel=\"noopener\">https:\/\/de-de.facebook.com\/help\/566994660333381<\/a>.<\/p>\n<p>Details entnehmen Sie der Datenschutzerkl\u00e4rung von Facebook: <a href=\"https:\/\/www.facebook.com\/about\/privacy\/\" target=\"_blank\" rel=\"noopener\">https:\/\/www.facebook.com\/about\/privacy\/<\/a>.<\/p>\n","protected":false},"excerpt":{"rendered":"<p>Grundlegendes Verantwortlicher fu\u0308r die Erhebung, Verarbeitung und Nutzung Ihrer personenbezogenen Daten im Sinne von Art. 4 Nr. 7 DSGVO ist WINTERS Landschaften GmbH E-Mail: info@paysages-winters.be Auf welcher rechtlichen Grundlage werden Ihre Daten verarbeitet? Rechtsgrundlage f\u00fcr die Verarbeitung von personenbezogenen Daten ist grunds\u00e4tzlich \u2013 soweit es nicht noch spezifischere Rechtsvorschriften gibt \u2013 Art. 6 EU-Datenschutz-Grundverordnung (DSGVO). [&hellip;]<\/p>\n","protected":false},"author":2,"featured_media":0,"parent":0,"menu_order":0,"comment_status":"closed","ping_status":"closed","template":"imprint.php","meta":{"_acf_changed":false,"footnotes":""},"class_list":["post-3","page","type-page","status-publish","hentry"],"acf":[],"_links":{"self":[{"href":"https:\/\/paysages-winters.be\/de\/wp-json\/wp\/v2\/pages\/3","targetHints":{"allow":["GET"]}}],"collection":[{"href":"https:\/\/paysages-winters.be\/de\/wp-json\/wp\/v2\/pages"}],"about":[{"href":"https:\/\/paysages-winters.be\/de\/wp-json\/wp\/v2\/types\/page"}],"author":[{"embeddable":true,"href":"https:\/\/paysages-winters.be\/de\/wp-json\/wp\/v2\/users\/2"}],"replies":[{"embeddable":true,"href":"https:\/\/paysages-winters.be\/de\/wp-json\/wp\/v2\/comments?post=3"}],"version-history":[{"count":7,"href":"https:\/\/paysages-winters.be\/de\/wp-json\/wp\/v2\/pages\/3\/revisions"}],"predecessor-version":[{"id":825,"href":"https:\/\/paysages-winters.be\/de\/wp-json\/wp\/v2\/pages\/3\/revisions\/825"}],"wp:attachment":[{"href":"https:\/\/paysages-winters.be\/de\/wp-json\/wp\/v2\/media?parent=3"}],"curies":[{"name":"wp","href":"https:\/\/api.w.org\/{rel}","templated":true}]}}